{"id":142,"date":"2021-10-09T22:56:58","date_gmt":"2021-10-09T21:56:58","guid":{"rendered":"https:\/\/www.atelier-andrea-werner.de\/?page_id=142"},"modified":"2021-10-09T22:56:59","modified_gmt":"2021-10-09T21:56:59","slug":"allgemeine-geschaeftsbedingungen","status":"publish","type":"page","link":"https:\/\/www.atelier-andrea-werner.de\/?page_id=142","title":{"rendered":"Allgemeine Gesch\u00e4ftsbedingungen"},"content":{"rendered":"\n<div class=\"wp-block-themeisle-blocks-advanced-columns has-1-columns has-desktop-equal-layout has-tablet-equal-layout has-mobile-equal-layout has-default-gap has-vertical-unset\" id=\"wp-block-themeisle-blocks-advanced-columns-85855e0d\"><div class=\"wp-block-themeisle-blocks-advanced-columns-overlay\"><\/div><div class=\"innerblocks-wrap\">\n<div class=\"wp-block-themeisle-blocks-advanced-column\" id=\"wp-block-themeisle-blocks-advanced-column-18d00e66\">\n<h1 class=\"wp-block-heading\">AGB<\/h1>\n\n\n\n<p><strong>Allgemeine Gesch\u00e4ftsbedingungen&nbsp;<\/strong><\/p>\n\n\n\n<p><strong>\u00a7 1 Vertragspartner, Geltung der Bedingungen, Textfo<\/strong><strong>rm<\/strong><\/p>\n\n\n\n<p>1. Vertragspartner ist f\u00fcr alle Bestellungen Frau Andrea Werner.. F\u00fcr s\u00e4mtliche Lieferungen, Leistungen und Angebote von uns (nachfolgend \u201eVerk\u00e4ufer\u201c) an den K\u00e4ufer gelten ausschlie\u00dflich diese Allgemeinen Gesch\u00e4ftsbedingungen (AGB). Diese sind Bestandteil aller Vertr\u00e4ge, welche der Verk\u00e4ufer mit dem K\u00e4ufer \u00fcber die von ihm angebotenen Lieferungen oder Leistungen schlie\u00dft.&nbsp;&nbsp;<\/p>\n\n\n\n<p>2. Der K\u00e4ufer ist Verbraucher, soweit der Zweck der georderten Lieferungen und Leistungen nicht seiner gewerblichen oder selbst\u00e4ndigen beruflichen T\u00e4tigkeit zugerechnet werden kann. Dagegen ist Unternehmer jede nat\u00fcrliche oder juristische Person oder rechtsf\u00e4hige Personengesellschaft, die beim Abschluss des Vertrags in Aus\u00fcbung ihrer gewerblichen oder selbst\u00e4ndigen beruflichen T\u00e4tigkeit handelt.<\/p>\n\n\n\n<p>3. Gegen\u00fcber Unternehmern gelten diese AGB auch f\u00fcr k\u00fcnftige Gesch\u00e4ftsbeziehungen, ohne dass wir nochmals auf sie hinweisen m\u00fcssten. Entgegenstehende, erg\u00e4nzende oder von unseren AGB abweichende Bedingungen des K\u00e4ufers werden nur dann und insoweit Vertragsbestandteil, als wir ihrer Geltung ausdr\u00fccklich schriftlich zugestimmt haben.<\/p>\n\n\n\n<p>4. Handelt es sich bei dem K\u00e4ufer um einen Unternehmer, so bed\u00fcrfen rechtserhebliche Erkl\u00e4rungen und Anzeigen, die nach Vertragsschluss vom K\u00e4ufer gegen\u00fcber dem Verk\u00e4ufer abzugeben sind (z. B. Fristsetzungen, M\u00e4ngelanzeigen, Erkl\u00e4rung von R\u00fccktritt oder Minderung), zu ihrer Wirksamkeit der Textform (z. B. E-Mail).<\/p>\n\n\n\n<p><strong>\u00a7 2 Vertragsschluss, Korrekturm\u00f6glichkeit, Vertragssprache, Speichern des Vertragstextes&nbsp;<\/strong><\/p>\n\n\n\n<p>1. Die Darstellung der Produkte in unserem Onlineshop stellt kein rechtlich bindendes Angebot, sondern einen unverbindlichen Online-Katalog dar. Sie k\u00f6nnen unsere Produkte zun\u00e4chst unverbindlich in den Warenkorb legen und Ihre Eingaben vor Absenden Ihrer verbindlichen Bestellung jederzeit korrigieren, indem Sie die hierf\u00fcr im Bestellablauf vorgesehenen und erl\u00e4uterten Korrekturhilfen nutzen. Der Vertrag kommt zustande, indem Sie durch Anklicken des Bestellbuttons das Angebot \u00fcber die im Warenkorb enthaltenen Waren annehmen. Unmittelbar nach dem Absenden der Bestellung erhalten Sie noch einmal eine Best\u00e4tigung per E-Mail.<\/p>\n\n\n\n<p>2. Wann der Vertrag mit uns zustande kommt, richtet sich nach der von Ihnen gew\u00e4hlten Zahlungsart:<\/p>\n\n\n\n<p><strong>Rechnung<\/strong><\/p>\n\n\n\n<p>Wir nehmen Ihre Bestellung durch Versand einer Annahmeerkl\u00e4rung in separater E-Mail oder durch Auslieferung der Ware innerhalb von drei Tagen an.<\/p>\n\n\n\n<p><strong>Vorkasse<\/strong><\/p>\n\n\n\n<p>Wir nehmen Ihre Bestellung durch Versand einer Annahmeerkl\u00e4rung in separater E-Mail innerhalb von zwei Tagen an, in welcher wir Ihnen unsere Bankverbindung nennen.<\/p>\n\n\n\n<p><strong>PayPal<\/strong><\/p>\n\n\n\n<p>Im Bestellprozess werden Sie auf die Webseite des Online-Anbieters PayPal weitergeleitet. Dort k\u00f6nnen Sie Ihre Zahlungsdaten angeben und die Zahlungsanweisung an PayPal best\u00e4tigen. Nach Abgabe der Bestellung im Shop fordern wir PayPal zur Einleitung der Zahlungstransaktion auf und nehmen dadurch Ihr Angebot an.&nbsp;&nbsp;<\/p>\n\n\n\n<p><strong>\u00a7 3 Lieferbedingungen und Versandkosten<\/strong><\/p>\n\n\n\n<p>1. Die Lieferung erfolgt nur an eine Versandadresse in Deutschland.&nbsp;<\/p>\n\n\n\n<p>2. Die Kosten der Versendung, insbesondere Porto- und Verpackungskosten, tr\u00e4gt der K\u00e4ufer.<\/p>\n\n\n\n<p><strong>\u00a7 4 Zahlungsbedingungen<\/strong><\/p>\n\n\n\n<p>1. Die Bezahlung durch den K\u00e4ufer erfolgt entweder per Paypal, Vorkasse.<\/p>\n\n\n\n<p>2. \u00d6ffentliche Institutionen, d.h. Beh\u00f6rden und Anstalten des \u00f6ffentlichen Rechts, St\u00e4dte, Gemeinden und Schulen, Konzerngesellschaften, Einrichtungen des Bundes, der L\u00e4nder, St\u00e4dte, Gemeinden und Stiftungen, Krankenhausgesellschaften sowie Kirchen haben zus\u00e4tzlich nach individueller Vereinbarung die M\u00f6glichkeit der Zahlung per Rechnung.<\/p>\n\n\n\n<p>3.<\/p>\n\n\n\n<ul class=\"wp-block-list\"><li><strong>Vorkasse<\/strong><\/li><\/ul>\n\n\n\n<p>Bei Auswahl der Zahlungsart Vorkasse nennen wir Ihnen unsere Bankverbindung in der Auftragsbest\u00e4tigung und liefern die Ware nach Zahlungseingang.<\/p>\n\n\n\n<ul class=\"wp-block-list\"><li><strong>Paypal<\/strong><\/li><\/ul>\n\n\n\n<p>Im Bestellprozess werden Sie auf die Webseite des Online-Anbieters PayPal weitergeleitet. Um den Rechnungsbetrag \u00fcber PayPal bezahlen zu k\u00f6nnen, m\u00fcssen Sie dort registriert sein bzw. sich erst registrieren, mit Ihren Zugangsdaten legitimieren und die Zahlungsanweisung an uns best\u00e4tigen. Nach Abgabe der Bestellung im Shop fordern wir PayPal zur Einleitung der Zahlungstransaktion auf.<\/p>\n\n\n\n<p>Die Zahlungstransaktion wird durch PayPal unmittelbar danach automatisch durchgef\u00fchrt. Weitere Hinweise erhalten Sie beim Bestellvorgang.<\/p>\n\n\n\n<ul class=\"wp-block-list\"><li><strong>Sofort<\/strong><\/li><\/ul>\n\n\n\n<p>Nach Abgabe der Bestellung werden Sie auf die Webseite des Online-Anbieters Sofort GmbH weitergeleitet. Um den Rechnungsbetrag \u00fcber Sofort bezahlen zu k\u00f6nnen, m\u00fcssen Sie \u00fcber ein f\u00fcr die Teilnahme an Sofort freigeschaltetes Online-Banking-Konto mit PIN\/TAN-Verfahren verf\u00fcgen, sich entsprechend legitimieren und die Zahlungsanweisung an uns best\u00e4tigen. Weitere Hinweise erhalten Sie beim Bestellvorgang. Die Zahlungstransaktion wird unmittelbar danach von Sofort GmbH durchgef\u00fchrt und Ihr Konto belastet.&nbsp;<\/p>\n\n\n\n<p><strong>\u00a7 5 Eigentumsvorbehalt<\/strong><\/p>\n\n\n\n<p>1. Bis zur vollst\u00e4ndigen Zahlung bleibt die Ware unser Eigentum.&nbsp;<\/p>\n\n\n\n<p>2. Gegen\u00fcber Unternehmern gilt erg\u00e4nzend folgendes:<\/p>\n\n\n\n<p>Die unter Eigentumsvorbehalt stehenden Waren d\u00fcrfen vor vollst\u00e4ndiger Bezahlung der gesicherten Forderungen weder an Dritte verpf\u00e4ndet, noch zur Sicherheit \u00fcbereignet werden. Der K\u00e4ufer hat uns unverz\u00fcglich schriftlich zu benachrichtigen, wenn und soweit Zugriffe Dritter auf die uns geh\u00f6renden Waren erfolgen.<\/p>\n\n\n\n<p><strong>\u00a7 6 Transportsch\u00e4den, Gefahruntergang, Annahmeverzug, Untersuchungs- und R\u00fcgepflicht bei Kaufleuten<\/strong><\/p>\n\n\n\n<p>1. Gegen\u00fcber Verbrauchern gilt folgendes:&nbsp;<\/p>\n\n\n\n<p>Werden Waren mit offensichtlichen Transportsch\u00e4den angeliefert, so reklamieren Sie solche Fehler bitte m\u00f6glichst sofort beim Zusteller und nehmen Sie bitte unverz\u00fcglich Kontakt zu uns auf. Das Vers\u00e4umen einer Reklamation oder Kontaktaufnahme hat f\u00fcr Ihre gesetzlichen Anspr\u00fcche und deren Durchsetzung, insbesondere Ihre Gew\u00e4hrleistungsrechte, keinerlei Konsequenzen. Sie helfen uns aber, unsere eigenen Anspr\u00fcche gegen\u00fcber dem Frachtf\u00fchrer bzw. Transportversicherung geltend machen zu k\u00f6nnen.&nbsp;<\/p>\n\n\n\n<p>2. Gegen\u00fcber Unternehmern gilt folgendes:<\/p>\n\n\n\n<p>Die Gefahr des zuf\u00e4lligen Untergangs und der zuf\u00e4lligen Verschlechterung der Ware geht sp\u00e4testens mit der \u00dcbergabe auf den K\u00e4ufer \u00fcber. Beim Versendungskauf geht jedoch die Gefahr des zuf\u00e4lligen Untergangs und der zuf\u00e4lligen Verschlechterung der Ware sowie die Verz\u00f6gerungsgefahr bereits mit Auslieferung der Ware an den Spediteur, den Frachtf\u00fchrer oder der sonst zur Ausf\u00fchrung der Versendung bestimmten Person oder Anstalt \u00fcber. Der \u00dcbergabe steht es gleich, wenn der K\u00e4ufer im Verzug der Annahme ist.<\/p>\n\n\n\n<p>3. Unter Kaufleuten gilt die Untersuchungs- und R\u00fcgepflicht gem\u00e4\u00df \u00a7 377 HGB.&nbsp;<\/p>\n\n\n\n<p>Ist ein Verlust oder eine Besch\u00e4digung der Ware \u00e4u\u00dferlich erkennbar und zeigt der K\u00e4ufer&nbsp; dem Frachtf\u00fchrer Verlust oder Besch\u00e4digung nicht sp\u00e4testens bei Ablieferung des Gutes an, so wird vermutet, dass die Ware vollst\u00e4ndig und unbesch\u00e4digt abgeliefert worden ist. Die Anzeige muss den Verlust oder die Besch\u00e4digung hinreichend deutlich kennzeichnen.<\/p>\n\n\n\n<p>Zeigt sich bei der Untersuchung oder sp\u00e4ter ein Mangel, so ist uns hiervon unverz\u00fcglich in Textform Anzeige zu machen. Als unverz\u00fcglich gilt die Anzeige, wenn sie innerhalb von 5 Werktagen erfolgt, wobei zur Fristwahrung die rechtzeitige Absendung der Anzeige gen\u00fcgt. Unabh\u00e4ngig von dieser Untersuchungs- und R\u00fcgepflicht hat der K\u00e4ufer offensichtliche M\u00e4ngel (einschlie\u00dflich Falsch- und Minderlieferung, Fehlen von Bedienungsanleitung und Handb\u00fcchern) innerhalb 5 Werktagen ab Lieferung schriftlich anzuzeigen, wobei auch hier zur Fristwahrung die rechtzeitige Absendung der Anzeige gen\u00fcgt. Vers\u00e4umt der K\u00e4ufer die ordnungsgem\u00e4\u00dfe Untersuchung und\/ oder M\u00e4ngelanzeige, ist unsere Haftung f\u00fcr den nicht angezeigten Mangel ausgeschlossen.<\/p>\n\n\n\n<p>Dies gilt nicht, wenn wir einen Mangel arglistig verschwiegen haben.<\/p>\n\n\n\n<p><strong>\u00a7 7 Gew\u00e4hrleistung<\/strong><\/p>\n\n\n\n<p>1. Die Gew\u00e4hrleistung gegen\u00fcber Verbrauchern erfolgt nach den gesetzlichen Bestimmungen.<\/p>\n\n\n\n<p>2. Gegen\u00fcber Unternehmern gelten als Vereinbarung \u00fcber die Beschaffenheit der Ware nur unsere eigenen Angaben und die Produktbeschreibungen des Herstellers, die in den Vertrag einbezogen wurden; f\u00fcr \u00f6ffentliche \u00c4u\u00dferungen des Herstellers oder sonstige Werbeaussagen \u00fcbernehmen wir keine Haftung.&nbsp;<\/p>\n\n\n\n<p>Ist die gelieferte Sache mangelhaft, leisten wir gegen\u00fcber Unternehmern zun\u00e4chst nach unserer Wahl Gew\u00e4hr durch Beseitigung des Mangels (Nachbesserung) oder durch Lieferung einer mangelfreien Sache (Ersatzlieferung).&nbsp;<\/p>\n\n\n\n<p>Die vorstehenden Einschr\u00e4nkungen gelten nicht f\u00fcr Anspr\u00fcche aufgrund von Sch\u00e4den, die durch uns, unsere gesetzlichen Vertreter oder Erf\u00fcllungsgehilfen verursacht wurden<\/p>\n\n\n\n<ul class=\"wp-block-list\"><li>bei Verletzung des Lebens, des K\u00f6rpers oder der Gesundheit<\/li><li>bei vors\u00e4tzlicher oder grob fahrl\u00e4ssiger Pflichtverletzung sowie Arglist<\/li><li>bei Verletzung wesentlicher Vertragspflichten, deren Erf\u00fcllung die ordnungsgem\u00e4\u00dfe Durchf\u00fchrung des Vertrages \u00fcberhaupt erst erm\u00f6glicht und auf deren Einhaltung der Vertragspartner regelm\u00e4\u00dfig vertrauen darf (Kardinalpflichten)<\/li><li>im Rahmen eines Garantieversprechens, soweit vereinbart<\/li><li>soweit der Anwendungsbereich des Produkthaftungsgesetzes er\u00f6ffnet ist.&nbsp;<\/li><\/ul>\n\n\n\n<p><strong>\u00a7 8 Haftung&nbsp;<\/strong>&nbsp;<\/p>\n\n\n\n<p>1. Soweit sich aus diesen AGB einschlie\u00dflich der nachfolgenden Bestimmungen nichts anderes ergibt, haften wir bei einer Verletzung von vertraglichen und au\u00dfervertraglichen Pflichten nach den einschl\u00e4gigen gesetzlichen Vorschriften.<\/p>\n\n\n\n<p>2. Auf Schadensersatz haften wir \u2013 gleich aus welchem Rechtsgrund \u2013 bei Vorsatz und grober Fahrl\u00e4ssigkeit. Bei einfacher Fahrl\u00e4ssigkeit haften wir nur<\/p>\n\n\n\n<p>a) f\u00fcr Sch\u00e4den aus der Verletzung des Lebens, des K\u00f6rpers oder der Gesundheit,<\/p>\n\n\n\n<p>b) f\u00fcr Sch\u00e4den aus der Verletzung einer wesentlichen Vertragspflicht (Verpflichtung, deren Erf\u00fcllung die ordnungsgem\u00e4\u00dfe Durchf\u00fchrung des Vertrags \u00fcberhaupt erst erm\u00f6glicht und auf deren Einhaltung der Vertragspartner regelm\u00e4\u00dfig vertraut und vertrauen darf); in diesem Fall ist die Haftung jedoch auf den Ersatz des vorhersehbaren, typischerweise eintretenden Schadens begrenzt.<\/p>\n\n\n\n<p>3. Die sich aus Ziffer 2. ergebenden Haftungsbeschr\u00e4nkungen gelten nicht, soweit wir einen Mangel arglistig verschwiegen oder eine Garantie f\u00fcr die Beschaffenheit der Waren \u00fcbernommen haben. Das gleiche gilt f\u00fcr Anspr\u00fcche des K\u00e4ufers nach dem Produkthaftungsgesetz.&nbsp;&nbsp;<\/p>\n\n\n\n<p><strong>\u00a7&nbsp;9<\/strong><strong>&nbsp;<\/strong><strong>Verj\u00e4hrung&nbsp;<\/strong><\/p>\n\n\n\n<p>1.&nbsp; Ist der Auftraggeber Unternehmer so betr\u00e4gt abweichend von \u00a7 438 Abs. 1 Nr. 3 BGB die allgemeine Verj\u00e4hrungsfrist f\u00fcr Anspr\u00fcche aus Sach- und Rechtsm\u00e4ngeln ein Jahr ab Ablieferung.&nbsp;<\/p>\n\n\n\n<p>2. Die gesetzlichen Bestimmungen \u00fcber dingliche Herausgabeanspr\u00fcche Dritter (\u00a7 438 Abs. 1 Nr. 1 BGB), bei Arglist (\u00a7 438 Abs. 3 BGB) und f\u00fcr Anspr\u00fcche im Lieferantenregress bei Endlieferung an einen Verbraucher (\u00a7 479 BGB) bleiben hiervon unber\u00fchrt.&nbsp;<\/p>\n\n\n\n<p><strong>\u00a7 10 Rechtswahl und Gerichtsstand<\/strong><\/p>\n\n\n\n<p>1. Ist der K\u00e4ufer Unternehmer gilt f\u00fcr alle Rechtsbeziehungen zwischen uns und dem K\u00e4ufer das Recht der Bundesrepublik Deutschland unter Ausschluss des Internationalen Privatrechts und des UN-Kaufrechts.<\/p>\n\n\n\n<p>2. Ist der K\u00e4ufer Kaufmann i.S.d. Handelsgesetzbuchs, juristische Person des \u00f6ffentlichen Rechts oder ein \u00f6ffentlich-rechtliches Sonderverm\u00f6gen, ist ausschlie\u00dflicher \u2013 auch internationaler \u2013 Gerichtsstand f\u00fcr alle sich aus dem Vertragsverh\u00e4ltnis unmittelbar oder mittelbar ergebenden Streitigkeiten unser Gesch\u00e4ftssitz.<\/p>\n\n\n\n<p><strong>\u00a7 11 Streitbeilegung<\/strong><\/p>\n\n\n\n<p>Die Europ\u00e4ische Kommission stellt eine Plattform zur Online-Streitbeilegung (OS) bereit, die Sie hier finden&nbsp;<a href=\"https:\/\/www.profikuechenshop.de\/%22\">https:\/\/ec.europa.eu\/consumers\/odr\/<\/a>.&nbsp;<\/p>\n\n\n\n<p>Zur Teilnahme an einem Streitbeilegungsverfahren vor einer Verbraucherschlichtungsstelle sind wir nicht verpflichtet und nicht bereit.<\/p>\n<\/div>\n<\/div><\/div>\n","protected":false},"excerpt":{"rendered":"","protected":false},"author":1,"featured_media":0,"parent":0,"menu_order":0,"comment_status":"closed","ping_status":"closed","template":"","meta":{"footnotes":""},"class_list":["post-142","page","type-page","status-publish","hentry"],"jetpack_sharing_enabled":true,"_links":{"self":[{"href":"https:\/\/www.atelier-andrea-werner.de\/index.php?rest_route=\/wp\/v2\/pages\/142","targetHints":{"allow":["GET"]}}],"collection":[{"href":"https:\/\/www.atelier-andrea-werner.de\/index.php?rest_route=\/wp\/v2\/pages"}],"about":[{"href":"https:\/\/www.atelier-andrea-werner.de\/index.php?rest_route=\/wp\/v2\/types\/page"}],"author":[{"embeddable":true,"href":"https:\/\/www.atelier-andrea-werner.de\/index.php?rest_route=\/wp\/v2\/users\/1"}],"replies":[{"embeddable":true,"href":"https:\/\/www.atelier-andrea-werner.de\/index.php?rest_route=%2Fwp%2Fv2%2Fcomments&post=142"}],"version-history":[{"count":1,"href":"https:\/\/www.atelier-andrea-werner.de\/index.php?rest_route=\/wp\/v2\/pages\/142\/revisions"}],"predecessor-version":[{"id":143,"href":"https:\/\/www.atelier-andrea-werner.de\/index.php?rest_route=\/wp\/v2\/pages\/142\/revisions\/143"}],"wp:attachment":[{"href":"https:\/\/www.atelier-andrea-werner.de\/index.php?rest_route=%2Fwp%2Fv2%2Fmedia&parent=142"}],"curies":[{"name":"wp","href":"https:\/\/api.w.org\/{rel}","templated":true}]}}