{"id":209,"date":"2026-03-15T17:40:09","date_gmt":"2026-03-15T16:40:09","guid":{"rendered":"https:\/\/www.atelier-andrea-werner.de\/?post_type=product&#038;p=209"},"modified":"2026-03-20T11:12:03","modified_gmt":"2026-03-20T10:12:03","slug":"kleiner-schwarzer-fascinator-mit-schleier","status":"publish","type":"product","link":"https:\/\/www.atelier-andrea-werner.de\/?product=kleiner-schwarzer-fascinator-mit-schleier","title":{"rendered":"Kleiner, schwarzer Fascinator mit Schleier"},"content":{"rendered":"<p><img loading=\"lazy\" decoding=\"async\" class=\"alignnone size-medium wp-image-205\" src=\"https:\/\/www.atelier-andrea-werner.de\/wp-content\/uploads\/2026\/02\/285BBD57-1A21-4058-9335-74FDF1FF8DDC-225x300.jpeg\" alt=\"\" width=\"225\" height=\"300\" srcset=\"https:\/\/www.atelier-andrea-werner.de\/wp-content\/uploads\/2026\/02\/285BBD57-1A21-4058-9335-74FDF1FF8DDC-225x300.jpeg 225w, https:\/\/www.atelier-andrea-werner.de\/wp-content\/uploads\/2026\/02\/285BBD57-1A21-4058-9335-74FDF1FF8DDC-768x1024.jpeg 768w, https:\/\/www.atelier-andrea-werner.de\/wp-content\/uploads\/2026\/02\/285BBD57-1A21-4058-9335-74FDF1FF8DDC-1152x1536.jpeg 1152w, https:\/\/www.atelier-andrea-werner.de\/wp-content\/uploads\/2026\/02\/285BBD57-1A21-4058-9335-74FDF1FF8DDC-1536x2048.jpeg 1536w, https:\/\/www.atelier-andrea-werner.de\/wp-content\/uploads\/2026\/02\/285BBD57-1A21-4058-9335-74FDF1FF8DDC-370x493.jpeg 370w, https:\/\/www.atelier-andrea-werner.de\/wp-content\/uploads\/2026\/02\/285BBD57-1A21-4058-9335-74FDF1FF8DDC-1040x1387.jpeg 1040w, https:\/\/www.atelier-andrea-werner.de\/wp-content\/uploads\/2026\/02\/285BBD57-1A21-4058-9335-74FDF1FF8DDC-600x800.jpeg 600w, https:\/\/www.atelier-andrea-werner.de\/wp-content\/uploads\/2026\/02\/285BBD57-1A21-4058-9335-74FDF1FF8DDC-scaled.jpeg 1920w\" sizes=\"auto, (max-width: 225px) 100vw, 225px\" \/><\/p>\n<p>Netz mit P\u00fcnktchent\u00fcll<\/p>\n<p>asymetrisches Design<\/p>\n<p>reicher Blumenschmuck<\/p>\n<p>mit gro\u00dfen Strasssteinen<\/p>\n<p>Gr\u00f6\u00dfe 16cm x 22cm<\/p>\n","protected":false},"excerpt":{"rendered":"<p>Netz mit P\u00fcnktchent\u00fcll asymetrisches Design reicher Blumenschmuck mit gro\u00dfen Strasssteinen Gr\u00f6\u00dfe 16cm x 22cm<\/p>\n","protected":false},"featured_media":204,"comment_status":"open","ping_status":"closed","template":"","meta":[],"product_brand":[],"product_cat":[15,44],"product_tag":[],"class_list":{"0":"post-209","1":"product","2":"type-product","3":"status-publish","4":"has-post-thumbnail","6":"product_cat-unkategorisiert","7":"product_cat-fascinator","9":"first","10":"instock","11":"sold-individually","12":"shipping-taxable","13":"purchasable","14":"product-type-simple"},"jetpack_sharing_enabled":true,"_links":{"self":[{"href":"https:\/\/www.atelier-andrea-werner.de\/index.php?rest_route=\/wp\/v2\/product\/209","targetHints":{"allow":["GET"]}}],"collection":[{"href":"https:\/\/www.atelier-andrea-werner.de\/index.php?rest_route=\/wp\/v2\/product"}],"about":[{"href":"https:\/\/www.atelier-andrea-werner.de\/index.php?rest_route=\/wp\/v2\/types\/product"}],"replies":[{"embeddable":true,"href":"https:\/\/www.atelier-andrea-werner.de\/index.php?rest_route=%2Fwp%2Fv2%2Fcomments&post=209"}],"wp:featuredmedia":[{"embeddable":true,"href":"https:\/\/www.atelier-andrea-werner.de\/index.php?rest_route=\/wp\/v2\/media\/204"}],"wp:attachment":[{"href":"https:\/\/www.atelier-andrea-werner.de\/index.php?rest_route=%2Fwp%2Fv2%2Fmedia&parent=209"}],"wp:term":[{"taxonomy":"product_brand","embeddable":true,"href":"https:\/\/www.atelier-andrea-werner.de\/index.php?rest_route=%2Fwp%2Fv2%2Fproduct_brand&post=209"},{"taxonomy":"product_cat","embeddable":true,"href":"https:\/\/www.atelier-andrea-werner.de\/index.php?rest_route=%2Fwp%2Fv2%2Fproduct_cat&post=209"},{"taxonomy":"product_tag","embeddable":true,"href":"https:\/\/www.atelier-andrea-werner.de\/index.php?rest_route=%2Fwp%2Fv2%2Fproduct_tag&post=209"}],"curies":[{"name":"wp","href":"https:\/\/api.w.org\/{rel}","templated":true}]}}