{"id":223,"date":"2026-03-15T17:38:32","date_gmt":"2026-03-15T16:38:32","guid":{"rendered":"https:\/\/www.atelier-andrea-werner.de\/?post_type=product&#038;p=223"},"modified":"2026-03-20T11:12:26","modified_gmt":"2026-03-20T10:12:26","slug":"roter-mohn","status":"publish","type":"product","link":"https:\/\/www.atelier-andrea-werner.de\/?product=roter-mohn","title":{"rendered":"Roter Mohn"},"content":{"rendered":"<p><img loading=\"lazy\" decoding=\"async\" class=\"alignnone size-medium wp-image-212\" src=\"https:\/\/www.atelier-andrea-werner.de\/wp-content\/uploads\/2026\/03\/51F34990-A32C-475C-AC04-C4ABEBF0B9E2_4_5005_c-225x300.jpeg\" alt=\"\" width=\"225\" height=\"300\" srcset=\"https:\/\/www.atelier-andrea-werner.de\/wp-content\/uploads\/2026\/03\/51F34990-A32C-475C-AC04-C4ABEBF0B9E2_4_5005_c-225x300.jpeg 225w, https:\/\/www.atelier-andrea-werner.de\/wp-content\/uploads\/2026\/03\/51F34990-A32C-475C-AC04-C4ABEBF0B9E2_4_5005_c.jpeg 360w\" sizes=\"auto, (max-width: 225px) 100vw, 225px\" \/><\/p>\n<p>Gro\u00df, aber sehr transparent mit einer schwebend erscheinenden, schimmernden Mohnbl\u00fcte und zarten Federn.<\/p>\n<p>Gr\u00f6\u00dfe 33 cm<\/p>\n<p>&nbsp;<\/p>\n","protected":false},"excerpt":{"rendered":"<p>Gro\u00df, aber sehr transparent mit einer schwebend erscheinenden, schimmernden Mohnbl\u00fcte und zarten Federn. Gr\u00f6\u00dfe 33 cm &nbsp;<\/p>\n","protected":false},"featured_media":211,"comment_status":"open","ping_status":"closed","template":"","meta":[],"product_brand":[],"product_cat":[15,44],"product_tag":[],"class_list":{"0":"post-223","1":"product","2":"type-product","3":"status-publish","4":"has-post-thumbnail","6":"product_cat-unkategorisiert","7":"product_cat-fascinator","9":"first","10":"instock","11":"sold-individually","12":"shipping-taxable","13":"purchasable","14":"product-type-simple"},"jetpack_sharing_enabled":true,"_links":{"self":[{"href":"https:\/\/www.atelier-andrea-werner.de\/index.php?rest_route=\/wp\/v2\/product\/223","targetHints":{"allow":["GET"]}}],"collection":[{"href":"https:\/\/www.atelier-andrea-werner.de\/index.php?rest_route=\/wp\/v2\/product"}],"about":[{"href":"https:\/\/www.atelier-andrea-werner.de\/index.php?rest_route=\/wp\/v2\/types\/product"}],"replies":[{"embeddable":true,"href":"https:\/\/www.atelier-andrea-werner.de\/index.php?rest_route=%2Fwp%2Fv2%2Fcomments&post=223"}],"wp:featuredmedia":[{"embeddable":true,"href":"https:\/\/www.atelier-andrea-werner.de\/index.php?rest_route=\/wp\/v2\/media\/211"}],"wp:attachment":[{"href":"https:\/\/www.atelier-andrea-werner.de\/index.php?rest_route=%2Fwp%2Fv2%2Fmedia&parent=223"}],"wp:term":[{"taxonomy":"product_brand","embeddable":true,"href":"https:\/\/www.atelier-andrea-werner.de\/index.php?rest_route=%2Fwp%2Fv2%2Fproduct_brand&post=223"},{"taxonomy":"product_cat","embeddable":true,"href":"https:\/\/www.atelier-andrea-werner.de\/index.php?rest_route=%2Fwp%2Fv2%2Fproduct_cat&post=223"},{"taxonomy":"product_tag","embeddable":true,"href":"https:\/\/www.atelier-andrea-werner.de\/index.php?rest_route=%2Fwp%2Fv2%2Fproduct_tag&post=223"}],"curies":[{"name":"wp","href":"https:\/\/api.w.org\/{rel}","templated":true}]}}