{"id":225,"date":"2026-03-15T17:37:32","date_gmt":"2026-03-15T16:37:32","guid":{"rendered":"https:\/\/www.atelier-andrea-werner.de\/?post_type=product&#038;p=225"},"modified":"2026-03-20T11:12:53","modified_gmt":"2026-03-20T10:12:53","slug":"blumen-fascinator-in-gold","status":"publish","type":"product","link":"https:\/\/www.atelier-andrea-werner.de\/?product=blumen-fascinator-in-gold","title":{"rendered":"Blumen &#8211; Fascinator in Gold"},"content":{"rendered":"<p><img loading=\"lazy\" decoding=\"async\" class=\"alignnone size-medium wp-image-215\" src=\"https:\/\/www.atelier-andrea-werner.de\/wp-content\/uploads\/2026\/03\/158F4B98-5E83-45C9-AD7E-5514FC849E2E_1_105_c-225x300.jpeg\" alt=\"\" width=\"225\" height=\"300\" srcset=\"https:\/\/www.atelier-andrea-werner.de\/wp-content\/uploads\/2026\/03\/158F4B98-5E83-45C9-AD7E-5514FC849E2E_1_105_c-225x300.jpeg 225w, https:\/\/www.atelier-andrea-werner.de\/wp-content\/uploads\/2026\/03\/158F4B98-5E83-45C9-AD7E-5514FC849E2E_1_105_c-370x493.jpeg 370w, https:\/\/www.atelier-andrea-werner.de\/wp-content\/uploads\/2026\/03\/158F4B98-5E83-45C9-AD7E-5514FC849E2E_1_105_c-600x800.jpeg 600w, https:\/\/www.atelier-andrea-werner.de\/wp-content\/uploads\/2026\/03\/158F4B98-5E83-45C9-AD7E-5514FC849E2E_1_105_c.jpeg 768w\" sizes=\"auto, (max-width: 225px) 100vw, 225px\" \/><\/p>\n<p>Netz mit Goldeinfassung in Blumenform<\/p>\n<p>\u00fcppiges Blumenarangement aus handgefertigten Rosen und strassbesetzer Spitze<\/p>\n<p>Gr\u00f6\u00dfe 24cm<\/p>\n","protected":false},"excerpt":{"rendered":"<p>Netz mit Goldeinfassung in Blumenform \u00fcppiges Blumenarangement aus handgefertigten Rosen und strassbesetzer Spitze Gr\u00f6\u00dfe 24cm<\/p>\n","protected":false},"featured_media":216,"comment_status":"open","ping_status":"closed","template":"","meta":[],"product_brand":[],"product_cat":[15,44],"product_tag":[],"class_list":{"0":"post-225","1":"product","2":"type-product","3":"status-publish","4":"has-post-thumbnail","6":"product_cat-unkategorisiert","7":"product_cat-fascinator","9":"first","10":"instock","11":"sold-individually","12":"shipping-taxable","13":"purchasable","14":"product-type-simple"},"jetpack_sharing_enabled":true,"_links":{"self":[{"href":"https:\/\/www.atelier-andrea-werner.de\/index.php?rest_route=\/wp\/v2\/product\/225","targetHints":{"allow":["GET"]}}],"collection":[{"href":"https:\/\/www.atelier-andrea-werner.de\/index.php?rest_route=\/wp\/v2\/product"}],"about":[{"href":"https:\/\/www.atelier-andrea-werner.de\/index.php?rest_route=\/wp\/v2\/types\/product"}],"replies":[{"embeddable":true,"href":"https:\/\/www.atelier-andrea-werner.de\/index.php?rest_route=%2Fwp%2Fv2%2Fcomments&post=225"}],"wp:featuredmedia":[{"embeddable":true,"href":"https:\/\/www.atelier-andrea-werner.de\/index.php?rest_route=\/wp\/v2\/media\/216"}],"wp:attachment":[{"href":"https:\/\/www.atelier-andrea-werner.de\/index.php?rest_route=%2Fwp%2Fv2%2Fmedia&parent=225"}],"wp:term":[{"taxonomy":"product_brand","embeddable":true,"href":"https:\/\/www.atelier-andrea-werner.de\/index.php?rest_route=%2Fwp%2Fv2%2Fproduct_brand&post=225"},{"taxonomy":"product_cat","embeddable":true,"href":"https:\/\/www.atelier-andrea-werner.de\/index.php?rest_route=%2Fwp%2Fv2%2Fproduct_cat&post=225"},{"taxonomy":"product_tag","embeddable":true,"href":"https:\/\/www.atelier-andrea-werner.de\/index.php?rest_route=%2Fwp%2Fv2%2Fproduct_tag&post=225"}],"curies":[{"name":"wp","href":"https:\/\/api.w.org\/{rel}","templated":true}]}}