{"id":76,"date":"2021-10-02T14:41:31","date_gmt":"2021-10-02T13:41:31","guid":{"rendered":"https:\/\/www.atelier-andrea-werner.de\/?product=hoodie-with-logo-2"},"modified":"2026-03-20T11:15:56","modified_gmt":"2026-03-20T10:15:56","slug":"hoodie-with-logo-2","status":"publish","type":"product","link":"https:\/\/www.atelier-andrea-werner.de\/?product=hoodie-with-logo-2","title":{"rendered":"Eiskunstlauf &#8211; Kleid Hellblau &#8211; Magenta                Gr\u00f6\u00dfe ca. 140                 Alter 9-11 Jahre"},"content":{"rendered":"<p><strong>Designerkleid und absolutes Einzelst\u00fcck<\/strong><\/p>\n<ul>\n<li>zartes hellblaues Eislaufkleid aus Samt mit raffinierten magentafarbenen Details,<\/li>\n<li>R\u00fcckenausschnitt mit besonders ausgefallenem Design<\/li>\n<li>tiefe \u00c4rmel mit magentafarbenen Ecken<\/li>\n<li>silbergraue, elastische, transparente Netzeins\u00e4tze an Schultern, \u00c4rmeln und R\u00fccken<\/li>\n<li>seitlich geschlitzter, hellblauer, gl\u00e4nzender Chiffonrock<\/li>\n<li>magentafarbene Unterr\u00f6cke, die durch die Seitenschlitze besonders sch\u00f6n zur Geltung kommen<\/li>\n<li>zum Design passende Strass-Elemente vorn gro\u00df, hinten und an den \u00c4rmeln klein<\/li>\n<li>der Strass hat eine Besonderheit: von vorn schimmert er silbrig &#8211; blau und etwas goldig durch die Beschichtung, der magentafarbene Stein ist eher von der Seite und in Bewegung zu sehen<\/li>\n<li>der Kragen wird durch Druckkn\u00f6pfe geschlossen und durch ein H\u00e4kchen gesichert<\/li>\n<li>durch die elastischen Materialien und das nicht zu kurze R\u00f6ckchen passt sich das Kleid gut an, 134-146 ist m\u00f6glich<\/li>\n<li>durch meine spezielle Verarbeitung &#8222;w\u00e4chst das Kleid mit&#8220;, dass hei\u00dft, es l\u00e4sst sich durch einfache \u00c4nderungen verl\u00e4ngern und ist somit meist problemlos 2 Jahre tragbar<\/li>\n<\/ul>\n","protected":false},"excerpt":{"rendered":"<p><strong>Designerkleid und absolutes Einzelst\u00fcck<\/strong><\/p>\n","protected":false},"featured_media":86,"comment_status":"closed","ping_status":"closed","template":"","meta":[],"product_brand":[],"product_cat":[21,22],"product_tag":[],"class_list":{"0":"post-76","1":"product","2":"type-product","3":"status-publish","4":"has-post-thumbnail","6":"product_cat-eiskunstlauf-2","7":"product_cat-maedchen","9":"first","10":"instock","11":"sold-individually","12":"shipping-taxable","13":"purchasable","14":"product-type-simple"},"jetpack_sharing_enabled":true,"_links":{"self":[{"href":"https:\/\/www.atelier-andrea-werner.de\/index.php?rest_route=\/wp\/v2\/product\/76","targetHints":{"allow":["GET"]}}],"collection":[{"href":"https:\/\/www.atelier-andrea-werner.de\/index.php?rest_route=\/wp\/v2\/product"}],"about":[{"href":"https:\/\/www.atelier-andrea-werner.de\/index.php?rest_route=\/wp\/v2\/types\/product"}],"replies":[{"embeddable":true,"href":"https:\/\/www.atelier-andrea-werner.de\/index.php?rest_route=%2Fwp%2Fv2%2Fcomments&post=76"}],"wp:featuredmedia":[{"embeddable":true,"href":"https:\/\/www.atelier-andrea-werner.de\/index.php?rest_route=\/wp\/v2\/media\/86"}],"wp:attachment":[{"href":"https:\/\/www.atelier-andrea-werner.de\/index.php?rest_route=%2Fwp%2Fv2%2Fmedia&parent=76"}],"wp:term":[{"taxonomy":"product_brand","embeddable":true,"href":"https:\/\/www.atelier-andrea-werner.de\/index.php?rest_route=%2Fwp%2Fv2%2Fproduct_brand&post=76"},{"taxonomy":"product_cat","embeddable":true,"href":"https:\/\/www.atelier-andrea-werner.de\/index.php?rest_route=%2Fwp%2Fv2%2Fproduct_cat&post=76"},{"taxonomy":"product_tag","embeddable":true,"href":"https:\/\/www.atelier-andrea-werner.de\/index.php?rest_route=%2Fwp%2Fv2%2Fproduct_tag&post=76"}],"curies":[{"name":"wp","href":"https:\/\/api.w.org\/{rel}","templated":true}]}}