{"id":98,"date":"2021-10-07T22:03:37","date_gmt":"2021-10-07T21:03:37","guid":{"rendered":"https:\/\/www.atelier-andrea-werner.de\/?post_type=product&#038;p=98"},"modified":"2026-03-20T11:14:17","modified_gmt":"2026-03-20T10:14:17","slug":"lateinkleid-feuer-fransen-groesse-36-38","status":"publish","type":"product","link":"https:\/\/www.atelier-andrea-werner.de\/?product=lateinkleid-feuer-fransen-groesse-36-38","title":{"rendered":"Lateinkleid   Gr\u00f6\u00dfe 36 &#8211; 38             schwarz &#8211; leuchtrot          Feuer &#8211; Fransen"},"content":{"rendered":"<p>Lateinkleid Feuer &#8211; Fransen Gr\u00f6\u00dfe 36 &#8211; 38<\/p>\n<ul>\n<li>bedruckter Lycra<\/li>\n<li>5 Reihen schwarze elastische Fransen<\/li>\n<li>einzeln aufgen\u00e4hte! leuchtrote Fransen<\/li>\n<li>Strass SS16 hyacinth AB und light siam AB<\/li>\n<li>zweifarbige Tr\u00e4ger, im tiefen R\u00fcckenausschnitt gekreuzt<\/li>\n<li>kleines Collier mit Strass &#8211; Tropfen<\/li>\n<li>Strass &#8211; Tropfen als Ohrstecker<\/li>\n<li>3-fach Armband mit Strass<\/li>\n<li>BH &#8211; Schalen eingen\u00e4ht<\/li>\n<\/ul>\n","protected":false},"excerpt":{"rendered":"<p>Lateinkleid Feuer &#8211; Fransen Gr\u00f6\u00dfe 36 &#8211; 38 bedruckter Lycra 5 Reihen schwarze elastische Fransen einzeln aufgen\u00e4hte! leuchtrote Fransen Strass SS16 hyacinth AB und light siam AB zweifarbige Tr\u00e4ger, im tiefen R\u00fcckenausschnitt gekreuzt kleines Collier[&#8230;]<\/p>\n","protected":false},"featured_media":100,"comment_status":"closed","ping_status":"closed","template":"","meta":[],"product_brand":[],"product_cat":[25,20],"product_tag":[],"class_list":{"0":"post-98","1":"product","2":"type-product","3":"status-publish","4":"has-post-thumbnail","6":"product_cat-damen-und-maedchen","7":"product_cat-turniertanz","9":"first","10":"instock","11":"shipping-taxable","12":"purchasable","13":"product-type-simple"},"jetpack_sharing_enabled":true,"_links":{"self":[{"href":"https:\/\/www.atelier-andrea-werner.de\/index.php?rest_route=\/wp\/v2\/product\/98","targetHints":{"allow":["GET"]}}],"collection":[{"href":"https:\/\/www.atelier-andrea-werner.de\/index.php?rest_route=\/wp\/v2\/product"}],"about":[{"href":"https:\/\/www.atelier-andrea-werner.de\/index.php?rest_route=\/wp\/v2\/types\/product"}],"replies":[{"embeddable":true,"href":"https:\/\/www.atelier-andrea-werner.de\/index.php?rest_route=%2Fwp%2Fv2%2Fcomments&post=98"}],"wp:featuredmedia":[{"embeddable":true,"href":"https:\/\/www.atelier-andrea-werner.de\/index.php?rest_route=\/wp\/v2\/media\/100"}],"wp:attachment":[{"href":"https:\/\/www.atelier-andrea-werner.de\/index.php?rest_route=%2Fwp%2Fv2%2Fmedia&parent=98"}],"wp:term":[{"taxonomy":"product_brand","embeddable":true,"href":"https:\/\/www.atelier-andrea-werner.de\/index.php?rest_route=%2Fwp%2Fv2%2Fproduct_brand&post=98"},{"taxonomy":"product_cat","embeddable":true,"href":"https:\/\/www.atelier-andrea-werner.de\/index.php?rest_route=%2Fwp%2Fv2%2Fproduct_cat&post=98"},{"taxonomy":"product_tag","embeddable":true,"href":"https:\/\/www.atelier-andrea-werner.de\/index.php?rest_route=%2Fwp%2Fv2%2Fproduct_tag&post=98"}],"curies":[{"name":"wp","href":"https:\/\/api.w.org\/{rel}","templated":true}]}}